{"id":20227,"date":"2024-04-12T00:51:23","date_gmt":"2024-04-11T22:51:23","guid":{"rendered":"https:\/\/wernerwatches.de\/terms-conditions\/"},"modified":"2024-04-12T00:51:23","modified_gmt":"2024-04-11T22:51:23","slug":"terms-conditions","status":"publish","type":"page","link":"https:\/\/wernerwatches.de\/de\/terms-conditions\/","title":{"rendered":"Terms &amp; Conditions"},"content":{"rendered":"\t\t<div data-elementor-type=\"wp-page\" data-elementor-id=\"20227\" class=\"elementor elementor-20227 elementor-2138\" data-elementor-post-type=\"page\">\n\t\t\t\t<div class=\"elementor-element elementor-element-95d6794 e-flex e-con-boxed e-con e-parent\" data-id=\"95d6794\" data-element_type=\"container\" data-e-type=\"container\">\n\t\t\t\t\t<div class=\"e-con-inner\">\n\t\t\t\t<div class=\"elementor-element elementor-element-822b3b1 elementor-invisible elementor-widget elementor-widget-heading\" data-id=\"822b3b1\" data-element_type=\"widget\" data-e-type=\"widget\" data-settings=\"{&quot;_animation&quot;:&quot;fadeInUp&quot;}\" data-widget_type=\"heading.default\">\n\t\t\t\t\t<h1 class=\"elementor-heading-title elementor-size-default\">Terms &amp; Conditions<\/h1>\t\t\t\t<\/div>\n\t\t\t\t<div class=\"elementor-element elementor-element-7a2107b elementor-widget elementor-widget-text-editor\" data-id=\"7a2107b\" data-element_type=\"widget\" data-e-type=\"widget\" data-widget_type=\"text-editor.default\">\n\t\t\t\t\t\t\t\t\t<p><em>*Our Terms &amp; Conditions are written and displayed in the german language.<\/em><\/p><p><strong>1 \u2014 Geltung von Lieferungen, Angeboten und Verk\u00e4ufen ausschlie\u00dflich aufgrund der nachfolgenden Bedingungen<\/strong><\/p><p>01) Diese allgemeinen Gesch\u00e4ftsbedingungen werden Bestandteil aller Vertr\u00e4ge.<\/p><p>02) F\u00fcr Unternehmer gelten diese allgemeinen Gesch\u00e4ftsbedingungen auch f\u00fcr alle k\u00fcnftigen Gesch\u00e4ftsbeziehungen, selbst wenn die AGB nicht nochmals ausdr\u00fccklich vereinbart werden.<\/p><p>03) Widersprechende allgemeine Gesch\u00e4ftsbedingungen oder abweichende Gegenbest\u00e4tigungen werden nur dann anerkannt, wenn die Firma WERNER-WATCHES diese ausdr\u00fccklich schriftlich best\u00e4tigt.<\/p><p>04) Der Kunde ist Verbraucher, soweit der Zweck der georderten Lieferungen und Leistungen nicht seiner gewerblichen oder selbst\u00e4ndigen beruflichen T\u00e4tigkeit zugerechnet werden kann. Dagegen ist Unternehmer jede nat\u00fcrliche oder juristische Person oder rechtsf\u00e4hige Personengesellschaft, die beim Abschluss des Vertrags in Aus\u00fcbung ihrer gewerblichen oder selbst\u00e4ndigen beruflichen T\u00e4tigkeit handelt.<\/p><p><b>2 \u2014 Angebot, Annahme und Vertrag<\/b><\/p><p>01) Schriftliche und m\u00fcndliche Angebote sind freibleibend und unverbindlich, selbst wenn sie so nicht gekennzeichnet sind. Die Angebote der Firma WERNER-WATCHES im Internet verstehen sich nach BGB als Aufforderung zur Abgabe eines Angebotes.<\/p><p>02) Ein Kaufvertrag zwischen dem Kunden und der Firma WERNER-WATCHES kommt nur dann zustande, wenn die Firma WERNER-WATCHES dem Kunden dessen Bestellung schriftlich oder m\u00fcndlich best\u00e4tigt. Durch die Kaufpreiszahlung best\u00e4tigt der K\u00e4ufer ausdr\u00fccklich die AGB gelesen und akzeptiert zu haben.<\/p><p><b>3 \u2014 Annahmefrist, versp\u00e4tete Annahme und Freistellung des Kunden<\/b><\/p><p>01) Gem. \u00a7 146 ff. BGB erlischt die Bestellung des Auftragenden, wenn dieser von der Firma WERNER-WATCHES abgelehnt oder nicht rechtzeitig angenommen wird. WERNER-WATCHES muss ein Angebot des Kunden innerhalb einer Frist von sieben Tagen ab Zugang des Angebotes best\u00e4tigen. Wird diese Frist seitens der Firma WERNER-WATCHES nicht eingehalten, kommt kein g\u00fcltiger Kaufvertrag zustande und der Kunde wird von seinem verbindlichen Antrag befreit.<\/p><p>02) Sollte die Firma WERNER-WATCHES erst nach Ablauf der vorgenannten Frist eine Bestellung des Kunden best\u00e4tigen, so kommt dadurch kein Kaufvertrag zustande, da der Kunde durch den zuvor erfolgten Ablauf der Frist befreit ist. Die versp\u00e4tete Bestellbest\u00e4tigung ist als neuer Auftrag zu verstehen und kann vom Kunden angenommen oder abgelehnt werden. Die Annahme des Angebotes ist innerhalb einer Frist von sieben Tagen zu erkl\u00e4ren. Andernfalls gilt der Vertrag als nicht zustande gekommen.<\/p><p><b>4 \u2014 R\u00fccktrittsrecht gem\u00e4\u00df \u00a7 145 BGB<\/b><\/p><p>01) Der Antragende ist an seinen Antrag gem\u00e4\u00df den gesetzlichen Bestimmungen gebunden.<\/p><p><b>5 \u2014 Widerrufsrecht des Verbrauchers &#8211; Widerrufsbelehrung<\/b><\/p><p>01) Ist der Kunde Verbraucher und hat er mit dem Anbieter einen Vertrag unter ausschlie\u00dflicher Verwendung von Fernkommunikationsmitteln, insbesondere per Telefon, E-Mail oder Fax, oder \u00fcber die Internetseite des Anbieters geschlossen, so ist er berechtigt, seine auf Abschluss des Vertrags gerichtete Willenserkl\u00e4rung ohne Angabe von Gr\u00fcnden binnen vierzehn Tagen zu widerrufen. Die Frist beginnt fr\u00fchestens am Tag nach Erhalt der Ware, wenn zu diesem Zeitpunkt dem Verbraucher auch bereits in Textform diese Widerrufsbelehrung zugegangen ist. Um Ihr Widerrufsrecht auszu\u00fcben, m\u00fcssen Sie uns, WERNER-WATCHES &#8211; Pariser Str. 6, 60486 Frankfurt, <a href=\"mailto:info@wernerwatches.de\">info@wernerwatches.de<\/a> \/ Tel. +49 173 7091699, mittels einer eindeutigen Erkl\u00e4rung (z.B. ein mit der Post versandter Brief, Telefax, oder Email) \u00fcber Ihren Entschluss, diesen Vertrag zu widerrufen, informieren. Zur Fristwahrung reicht aus, dass Sie die Mitteilung \u00fcber die Aus\u00fcbung des Widerrufsrechts vor Ablauf der Widerrufsfrist absenden. Ende der Widerrufsbelehrung.<\/p><p>02) Folgen des Widerrufs \u2013 Wenn der Kunde den Vertrag widerrufen hat, hat WERNER-WATCHES alle Zahlungen, die vom Kunden erhalten worden sind, einschlie\u00dflich der Lieferkosten (mit Ausnahme der zus\u00e4tzlichen Kosten, die sich daraus ergeben, dass der Kunde eine andere Art der Lieferung als die von WERNER-WATCHES angebotene, g\u00fcnstige Standardlieferung gew\u00e4hlt hat), unverz\u00fcglich und sp\u00e4testens binnen drei\u00dfig Tagen ab dem Tag zur\u00fcck zu zahlen, an dem die Mitteilung \u00fcber den Widerruf dieses Vertrages durch den Kunden bei WERNER-WATCHES eingegangen ist. F\u00fcr diese R\u00fcckzahlung verwendet WERNER-WATCHES dasselbe Zahlungsmittel, das der Kunde bei der urspr\u00fcnglichen Transaktion eingesetzt hat, es sei denn, es wurde mit dem Kunden ausdr\u00fccklich etwas anderes vereinbart; in keinem Fall wird WERNER-WATCHES dem Kunden wegen dieser R\u00fcckzahlung Entgelte berechnen. WERNER-WATCHES kann die R\u00fcckzahlung verweigern, bis WERNER-WATCHES die Waren wieder zur\u00fcck erhalten hat oder der Kunde den Nachweis erbracht hat, dass die Waren zur\u00fcckgesandt worden ist, je nachdem, welches der fr\u00fchere Zeitpunkt ist. Der Kunde hat die Waren unverz\u00fcglich und in jedem Fall sp\u00e4testens binnen sieben Tagen ab dem Tag, an dem WERNER-WATCHES \u00fcber den Widerruf dieses Vertrages unterrichtet worden ist, an WERNER-WATCHES zur\u00fcckzusenden oder zu \u00fcbergeben. Die Frist ist gewahrt, wenn der Kunde die Waren vor Ablauf der Frist von vierzehn Tagen absendet. Der Kunde tr\u00e4gt die unmittelbaren Kosten der R\u00fccksendung der Waren. Kann der Kunde die empfangene Leistung ganz oder teilweise nicht oder nur in verschlechtertem Zustand herausgeben, so hat er insoweit Wertersatz zu leisten, auch wenn die Verschlechterung auf bestimmungsgem\u00e4\u00dfer Ingebrauchnahme beruht. Die Wertminderung kann dem Gesamtkaufpreis entsprechen. Dies gilt nicht, wenn die Verschlechterung der Ware ausschlie\u00dflich auf deren Pr\u00fcfung &#8211; wie sie etwa im Ladengesch\u00e4ft m\u00f6glich gewesen w\u00e4re &#8211; zur\u00fcckzuf\u00fchren ist. Im \u00dcbrigen kann die Pflicht zum Wertersatz f\u00fcr eine durch die bestimmungsgem\u00e4\u00dfe Ingebrauchnahme der Sache entstandene Verschlechterung vermieden werden, wenn der K\u00e4ufer die Ware nicht wie Ihr Eigentum in Gebrauch nimmt und alles unterl\u00e4sst, was deren Wert beeintr\u00e4chtigt.<\/p><p><b>6 \u2014 R\u00fccktrittsrecht seitens der Firma WERNER-WATCHES<\/b><\/p><p>01) Soweit es zu unvorhergesehenen Lieferengp\u00e4ssen oder Lieferproblemen oder vergleichbaren von der WERNER-WATCHES nicht zu vertretenden Lieferproblemen kommt, teilt die WERNER-WATCHES K\u00e4ufer dies unverz\u00fcglich mit. In diesem Fall beh\u00e4lt sich die WERNER-WATCHES den R\u00fccktritt vom Kaufvertrag ausdr\u00fccklich vor.<\/p><p>02) Soweit der schriftlich oder per E-Mail durch die Firma WERNER-WATCHES best\u00e4tigte Kaufpreis dem Konto der Firma WERNER-WATCHES nicht innerhalb einer Frist von zwei Wochen nach \u00dcbersendung der schriftlichen oder per E-Mail zugegangenen Kaufpreisbest\u00e4tigung aufgrund eines Verschuldens des K\u00e4ufers gutgeschrieben wird, kann WERNER-WATCHES statt der Geltendmachung des Kaufpreisanspruches ihren R\u00fccktritt vom Kaufvertrag nach den gesetzlichen Bestimmungen erkl\u00e4ren. Ein etwaiger Schadenersatzanspruch WERNER-WATCHES bleibt von der Aus\u00fcbung des R\u00fccktrittsrechts unber\u00fchrt. Im Falle des R\u00fccktritts sind nachtr\u00e4glich ergangene Zahlungen des Kunden die \u00fcber einen berechtigten Schadenersatzanspruch bzw. berechtigten Wertersatzanspruch hinausgehen unverz\u00fcglich zu erstatten.<\/p><p><b>7 \u2014 Preise und Versandkosten<\/b><\/p><p>01) S\u00e4mtliche m\u00fcndlich oder schriftlich ver\u00f6ffentlichten Preise sind unverbindlich. Irrt\u00fcmer und kurzfristige Preis\u00e4nderungen bleiben stets vorbehalten.<br \/>Alle Preise verstehen sich wie angegeben in EURO.<\/p><p>02) Alle Preise, die auf der Website des Anbieters angegeben sind, verstehen sich einschlie\u00dflich der jeweils g\u00fcltigen gesetzlichen Umsatzsteuer.<\/p><p>03) Sofern nichts anderes vereinbart wurde, versendet die Firma WERNER-WATCHES die georderte Ware innerhalb Deutschlands ausschlie\u00dflich gegen eine Versandkostenpauschale in H\u00f6he von \u20ac&#8211;,&#8211; f\u00fcr Porto, Verpackung, Versendung und Versicherung pro Versand.<\/p><p>04) Bei grenz\u00fcberschreitender Lieferung k\u00f6nnen im Einzelfall weitere Steuern (z.B. im Falle eines innergemeinschaftlichen Erwerbs) und\/oder Abgaben (z.B. Z\u00f6lle) vom K\u00e4ufer zu zahlen sein, jedoch nicht an WERNER-WATCHES, sondern an die dort zust\u00e4ndigen Zoll- bzw. Steuerbeh\u00f6rden.<\/p><p><b>8 \u2014 Lieferung<\/b><\/p><p>01) Verbraucher werden gebeten, die Ware bei Lieferung umgehend auf Vollst\u00e4ndigkeit, offensichtliche M\u00e4ngel und Transportsch\u00e4den zu \u00fcberpr\u00fcfen und Beanstandungen von WERNER-WATCHES und dem Spediteur schnellstm\u00f6glich mitzuteilen. Die Gew\u00e4hrleistungsanspr\u00fcche der K\u00e4ufer bleiben hiervon unber\u00fchrt.<\/p><p>02) Soweit der K\u00e4ufer Verbraucher ist, geht die Gefahr des zuf\u00e4lligen Untergangs und der zuf\u00e4lligen Verschlechterung der verkauften Sache w\u00e4hrend der Versendung erst mit der \u00dcbergabe der Ware an den K\u00e4ufer \u00fcber, unabh\u00e4ngig davon, ob die Versendung versichert oder unversichert erfolgt.<\/p><p>03) Ist der K\u00e4ufer kein Verbraucher, erfolgt die Lieferung und Versendung auf Gefahr des K\u00e4ufers.<\/p><p>04) Die Ware wird erst nach Eingang des vollst\u00e4ndigen Kaufpreises und der Versandkosten beim Verk\u00e4ufer an die angegebene Lieferadresse verschickt.<\/p><p>05) Alle verbindlichen Lieferfristen bed\u00fcrfen einer ausdr\u00fccklichen schriftlichen Best\u00e4tigung. Teillieferungen sind zul\u00e4ssig. Liefer- und Leistungsverz\u00f6gerungen aufgrund h\u00f6herer Gewalt und aufgrund von Ereignissen, die die Lieferung wesentlich erschweren oder unm\u00f6glich machen, wie z. B. Streiks, Betriebsst\u00f6rungen, beh\u00f6rdlich Anordnung, Materialbeschaffungsschwierigkeiten u. a., auch wenn sie beim Lieferanten eintreten, hat die Firma WERNER-WATCHES auch bei verbindlich vereinbarten Fristen und Terminen nicht zu vertreten.<\/p><p>06) Die Abnahme der bestellten und gelieferten Ware ist eine Verpflichtung des K\u00e4ufers. Lehnt der K\u00e4ufer die Annahme ab oder unterl\u00e4sst er die Annahme, so befindet sich der K\u00e4ufer im Annahmeverzug. Nach einem erneuten und ebenfalls fehlgeschlagenen Lieferversuch beh\u00e4lt sich die Firma WERNER-WATCHES 20 % des Auftragswertes vor, vorbehaltlich des Nachweises eines evtl. eintretenden h\u00f6heren Schadens, als Schadenersatz zu verlangen.<\/p><p><b>9 \u2014 Zahlungsbedingungen<\/b><\/p><p>01) Die Lieferung der Ware erfolgt gegen \u00dcberweisung, per Lastschrift, gegen Scheckzahlung oder in bar. Die Wahl der Zahlungsmodalit\u00e4t erfolgt nach Absprache mit der Firma WERNER-WATCHES. Des Weiteren kann nach Absprache mit der Firma WERNER-WATCHES auch eine andere Zahlungsmodalit\u00e4t (Vorkasse, bankbest\u00e4tigter Scheck) vereinbart werden. Die Zahlung gilt grunds\u00e4tzlich erst dann als geleistet, wenn der zu zahlende Betrag dem Konto der Firma WERNER-WATCHES unwiderruflich gutgeschrieben wurde.<\/p><p>02) Bei Zahlungsverzug des Kunden ist die Firma WERNER-WATCHES berechtigt, Zinsen in H\u00f6he von bis zu 5-Prozentpunkten \u00fcber dem jeweiligen Diskontsatz der Deutschen Bundesbank bzw. des Leitsatzes der Europ\u00e4ischen Zentralbank zu verlangen. Die Geltendmachung eines weitergehenden Verzugsschadens bleibt ausdr\u00fccklich vorbehalten.<\/p><p><b>10 \u2014 Zur\u00fcckbehaltung oder Aufrechnung<\/b><\/p><p>01) Der Kunde ist zur Zur\u00fcckbehaltung oder Aufrechnung von Teilbetr\u00e4gen nur berechtigt, falls eine Gegenforderung mit der aufgerechnet werden soll, rechtskr\u00e4ftig festgestellt, oder durch die Firma WERNER-WATCHES schriftlich anerkannt wurde.<\/p><p><b>11 \u2014 Eigentumsvorbehalt<\/b><\/p><p>01) Die Ware bleibt bis zur vollst\u00e4ndigen Zahlung des Kaufpreises Eigentum des Verk\u00e4ufers.<\/p><p>02) Ist der K\u00e4ufer Unternehmer, gilt erg\u00e4nzend folgendes: a) Der Verk\u00e4ufer beh\u00e4lt sich das Eigentum an der Ware bis zum vollst\u00e4ndigen Ausgleich aller Forderungen aus der laufenden Gesch\u00e4ftsbeziehung vor. Vor \u00dcbergang des Eigentums an der Vorbehaltsware ist eine Verpf\u00e4ndung oder Sicherheits\u00fcbereignung nicht zul\u00e4ssig. b) Der K\u00e4ufer kann die Ware im ordentlichen Gesch\u00e4ftsgang weiterverkaufen. F\u00fcr diesen Fall tritt der K\u00e4ufer bereits jetzt alle Forderungen in H\u00f6he des Rechnungsbetrages, die ihm aus dem Weiterverkauf erwachsen, an den die Abtretung annehmenden Verk\u00e4ufer ab. Der K\u00e4ufer ist weiter zur Einziehung der Forderung erm\u00e4chtigt. Soweit er seinen Zahlungsverpflichtungen nicht ordnungsgem\u00e4\u00df nachkommt, beh\u00e4lt sich der Verk\u00e4ufer allerdings vor, die Forderung selbst einzuziehen. Bei Verbindung und Vermischung der Vorbehaltsware erwirbt der Verk\u00e4ufer Miteigentum an der neuen Sache im Verh\u00e4ltnis des Rechnungswertes der Vorbehaltsware zu den anderen verarbeiteten Gegenst\u00e4nden zum Zeitpunkt der Verarbeitung. d Der Verk\u00e4ufer verpflichtet sich, die ihm zustehenden Sicherheiten auf Ihr Verlangen insoweit freizugeben, als der realisierbare Wert der Sicherheiten des Verk\u00e4ufers die zu sichernde Forderung um mehr als 10% \u00fcbersteigt. Die Auswahl der freizugebenden Sicherheiten obliegt dem Verk\u00e4ufer.<\/p><p><b>12 \u2014 Gew\u00e4hrleistung<\/b><\/p><p>01) Es gelten die gesetzlichen Vorschriften.<\/p><p>02) Bei gebrauchten Sachen betr\u00e4gt die Gew\u00e4hrleistungsfrist abweichend von der gesetzlichen Regelung ein Jahr ab Ablieferung der Ware. Die einj\u00e4hrige Gew\u00e4hrleistungsfrist gilt nicht f\u00fcr dem Verk\u00e4ufer zurechenbare schuldhaft verursachte Sch\u00e4den aus der Verletzung des Lebens, des K\u00f6rpers oder der Gesundheit und grob fahrl\u00e4ssig oder vors\u00e4tzlich verursachte Sch\u00e4den bzw. Arglist des Verk\u00e4ufers, sowie bei R\u00fcckgriffsanspr\u00fcchen gem\u00e4\u00df \u00a7\u00a7 478, 479 BGB. 03 Soweit der K\u00e4ufer Unternehmer ist, gilt abweichend von<\/p><p>12 (1): a) Als Beschaffenheit der Ware gelten nur die eigenen Angaben des Verk\u00e4ufers und die Produktbeschreibung des Herstellers als vereinbart, nicht jedoch sonstige Werbung, \u00f6ffentliche Anpreisungen und \u00c4u\u00dferungen des Herstellers. b Der K\u00e4ufer ist verpflichtet, die Ware unverz\u00fcglich und mit der gebotenen Sorgfalt auf Qualit\u00e4ts- und Mengenabweichungen zu untersuchen und offensichtliche M\u00e4ngel binnen 7 Tagen ab Empfang der Ware dem Verk\u00e4ufer schriftlich anzuzeigen, zur Fristwahrung reicht die rechtzeitige Absendung. Dies gilt auch f\u00fcr sp\u00e4ter festgestellte verdeckte M\u00e4ngel ab Entdeckung. c Bei Verletzung der Untersuchungs- und R\u00fcgepflicht ist die Geltendmachung der Gew\u00e4hrleistungsanspr\u00fcche ausgeschlossen. d Bei M\u00e4ngeln leistet der Verk\u00e4ufer nach seiner Wahl Gew\u00e4hr durch Nachbesserung oder Ersatzlieferung. Schl\u00e4gt die Mangelbeseitigung zweimal fehl, kann der K\u00e4ufer nach seiner Wahl Minderung verlangen oder vom Vertrag zur\u00fccktreten. Im Falle der Nachbesserung muss der Verk\u00e4ufer nicht die erh\u00f6hten Kosten tragen, die durch die Verbringung der Ware an einen anderen Ort als den Erf\u00fcllungsort entstehen, sofern die Verbringung nicht dem bestimmungsgem\u00e4\u00dfen Gebrauch der Ware entspricht. e Die Gew\u00e4hrleistungsfrist betr\u00e4gt ein Jahr ab Ablieferung der Ware.<\/p><p>12 (2) S. 2 gilt entsprechend.<\/p><p><b>13 \u2014 Haftungsbeschr\u00e4nkungen<\/b><\/p><p>01) Eine Haftung von WERNER-WATCHES f\u00fcr leicht fahrl\u00e4ssige Pflichtverletzungen ist ausgeschlossen, wenn keine wesentliche Vertragspflichten, d.h. Pflichten deren Erf\u00fcllung die ordnungsgem\u00e4\u00dfe Durchf\u00fchrung des Vertrages erst erm\u00f6glicht, deren Verletzung die Erreichung des Vertragszwecks gef\u00e4hrdet und auf deren Einhaltung der K\u00e4ufer regelm\u00e4\u00dfig vertraut, Sch\u00e4den aus der Verletzung des Lebens, des K\u00f6rpers oder der Gesundheit, Garantien f\u00fcr die Beschaffenheit des Kaufgegenstandes oder auch Anspr\u00fcche nach dem Produkthaftungsgesetz betroffen sind. Gleiches gilt auch f\u00fcr entsprechende Pflichtverletzungen der Erf\u00fcllungsgehilfen von WERNER-WATCHES. Dabei ist die Haftung auf den Schaden begrenzt, mit dem vertragstypisch gerechnet werden muss. Auf Vorsatz und grobe Fahrl\u00e4ssigkeit erstreckt sich die Haftungsbeschr\u00e4nkung nicht.<\/p><p><b>14 \u2014 Erf\u00fcllungsort, Gerichtsstand<\/b><\/p><p>01) Erf\u00fcllungsort f\u00fcr alle Leistungen aus den mit dem Verk\u00e4ufer bestehenden Gesch\u00e4ftsbeziehungen sowie Gerichtsstand ist Ulm, soweit der K\u00e4ufer nicht Verbraucher, sondern Kaufmann, juristische Person des \u00f6ffentlichen Rechts oder \u00f6ffentlich-rechtliches Sonderverm\u00f6gen ist.<\/p><p>02) Es gilt grunds\u00e4tzlich das Recht der Bundesrepublik Deutschland<\/p><p><b>15 \u2014 Schlussbestimmungen<\/b><\/p><p>01) Sollte eine Klausel in diesen Allgemeinen Gesch\u00e4ftsbedingungen oder eine Bestimmung im Rahmen sonstiger vertraglicher Vereinbarungen unwirksam sein oder werden, so wird hiervon die Wirksamkeit aller sonstigen Bestimmungen oder Vereinbarungen nicht ber\u00fchrt. \u00a7 306 BGB gilt entsprechend. Die Parteien verpflichten sich bereits jetzt, in diesem Fell eine Regelung zu treffen, die dem urspr\u00fcnglichen, rechtlichen und wirtschaftlichen Willen am n\u00e4chsten kommt.<\/p><p>02) Alle \u00c4nderungen, Erg\u00e4nzungen, Aufhebungen oder abweichende Vereinbarungen in den Allgemeinen Gesch\u00e4ftsbedingungen bed\u00fcrfen zu ihrer Wirksamkeit der Schriftform. Dies gilt auch f\u00fcr den Verzicht auf das Schriftformerfordernis selbst.<\/p>\t\t\t\t\t\t\t\t<\/div>\n\t\t\t\t\t<\/div>\n\t\t\t\t<\/div>\n\t\t\t\t<\/div>\n\t\t","protected":false},"excerpt":{"rendered":"<p>Terms &amp; Conditions *Our Terms &amp; Conditions are written and displayed in the german language. 1 \u2014 Geltung von Lieferungen, Angeboten und Verk\u00e4ufen ausschlie\u00dflich aufgrund der nachfolgenden Bedingungen 01) Diese allgemeinen Gesch\u00e4ftsbedingungen werden Bestandteil aller Vertr\u00e4ge. 02) F\u00fcr Unternehmer gelten diese allgemeinen Gesch\u00e4ftsbedingungen auch f\u00fcr alle k\u00fcnftigen Gesch\u00e4ftsbeziehungen, selbst wenn die AGB nicht nochmals ausdr\u00fccklich [&hellip;]<\/p>\n","protected":false},"author":2,"featured_media":0,"parent":0,"menu_order":0,"comment_status":"closed","ping_status":"closed","template":"","meta":{"_jf_save_progress":"","footnotes":""},"class_list":["post-20227","page","type-page","status-publish","hentry"],"_links":{"self":[{"href":"https:\/\/wernerwatches.de\/de\/wp-json\/wp\/v2\/pages\/20227","targetHints":{"allow":["GET"]}}],"collection":[{"href":"https:\/\/wernerwatches.de\/de\/wp-json\/wp\/v2\/pages"}],"about":[{"href":"https:\/\/wernerwatches.de\/de\/wp-json\/wp\/v2\/types\/page"}],"author":[{"embeddable":true,"href":"https:\/\/wernerwatches.de\/de\/wp-json\/wp\/v2\/users\/2"}],"replies":[{"embeddable":true,"href":"https:\/\/wernerwatches.de\/de\/wp-json\/wp\/v2\/comments?post=20227"}],"version-history":[{"count":0,"href":"https:\/\/wernerwatches.de\/de\/wp-json\/wp\/v2\/pages\/20227\/revisions"}],"wp:attachment":[{"href":"https:\/\/wernerwatches.de\/de\/wp-json\/wp\/v2\/media?parent=20227"}],"curies":[{"name":"wp","href":"https:\/\/api.w.org\/{rel}","templated":true}]}}