{"id":18487,"date":"2024-04-10T01:09:05","date_gmt":"2024-04-09T23:09:05","guid":{"rendered":"https:\/\/wernerwatches.de\/biografie\/"},"modified":"2025-10-18T13:11:43","modified_gmt":"2025-10-18T11:11:43","slug":"biografie","status":"publish","type":"page","link":"https:\/\/wernerwatches.de\/de\/biografie\/","title":{"rendered":"Biografie"},"content":{"rendered":"\t\t<div data-elementor-type=\"wp-page\" data-elementor-id=\"18487\" class=\"elementor elementor-18487 elementor-1331\" data-elementor-post-type=\"page\">\n\t\t\t\t<div class=\"elementor-element elementor-element-7a7152b e-flex e-con-boxed e-con e-parent\" data-id=\"7a7152b\" data-element_type=\"container\" data-e-type=\"container\">\n\t\t\t\t\t<div class=\"e-con-inner\">\n\t\t<div class=\"elementor-element elementor-element-1663310 e-con-full e-flex e-con e-child\" data-id=\"1663310\" data-element_type=\"container\" data-e-type=\"container\" data-settings=\"{&quot;motion_fx_motion_fx_scrolling&quot;:&quot;yes&quot;,&quot;motion_fx_blur_effect&quot;:&quot;yes&quot;,&quot;motion_fx_blur_direction&quot;:&quot;in-out&quot;,&quot;motion_fx_blur_level&quot;:{&quot;unit&quot;:&quot;px&quot;,&quot;size&quot;:4,&quot;sizes&quot;:[]},&quot;motion_fx_blur_range&quot;:{&quot;unit&quot;:&quot;%&quot;,&quot;size&quot;:&quot;&quot;,&quot;sizes&quot;:{&quot;start&quot;:75,&quot;end&quot;:100}},&quot;motion_fx_devices&quot;:[&quot;desktop&quot;,&quot;laptop&quot;,&quot;tablet&quot;,&quot;mobile&quot;]}\">\n\t\t\t\t<div class=\"elementor-element elementor-element-bb322a4 elementor-widget elementor-widget-heading\" data-id=\"bb322a4\" data-element_type=\"widget\" data-e-type=\"widget\" data-settings=\"{&quot;_animation&quot;:&quot;none&quot;}\" data-widget_type=\"heading.default\">\n\t\t\t\t\t<h1 class=\"elementor-heading-title elementor-size-default\">Wir sind spezialisiert auf den An- und Verkauf von Vintage Uhren und kuratieren exklusive Sammlerst\u00fccke f\u00fcr Kunden weltweit.<\/h1>\t\t\t\t<\/div>\n\t\t\t\t<div class=\"elementor-element elementor-element-bf295e4 elementor-widget__width-inherit elementor-invisible elementor-widget elementor-widget-heading\" data-id=\"bf295e4\" data-element_type=\"widget\" data-e-type=\"widget\" data-settings=\"{&quot;_animation&quot;:&quot;fadeIn&quot;}\" data-widget_type=\"heading.default\">\n\t\t\t\t\t<p class=\"elementor-heading-title elementor-size-default\">Simon H.I. Werner<\/p>\t\t\t\t<\/div>\n\t\t\t\t<\/div>\n\t\t<div class=\"elementor-element elementor-element-d8ad1a4 e-con-full e-flex e-con e-child\" data-id=\"d8ad1a4\" data-element_type=\"container\" data-e-type=\"container\">\n\t\t\t\t<div class=\"elementor-element elementor-element-1ffb685 elementor-invisible elementor-widget elementor-widget-image\" data-id=\"1ffb685\" data-element_type=\"widget\" data-e-type=\"widget\" data-settings=\"{&quot;motion_fx_motion_fx_scrolling&quot;:&quot;yes&quot;,&quot;motion_fx_translateY_effect&quot;:&quot;yes&quot;,&quot;motion_fx_translateY_speed&quot;:{&quot;unit&quot;:&quot;px&quot;,&quot;size&quot;:3,&quot;sizes&quot;:[]},&quot;_animation&quot;:&quot;fadeIn&quot;,&quot;motion_fx_translateY_affectedRange&quot;:{&quot;unit&quot;:&quot;%&quot;,&quot;size&quot;:&quot;&quot;,&quot;sizes&quot;:{&quot;start&quot;:0,&quot;end&quot;:100}},&quot;motion_fx_devices&quot;:[&quot;desktop&quot;,&quot;laptop&quot;,&quot;tablet&quot;,&quot;mobile&quot;]}\" data-widget_type=\"image.default\">\n\t\t\t\t\t\t\t\t\t\t\t\t\t\t\t<img fetchpriority=\"high\" decoding=\"async\" width=\"1280\" height=\"1280\" src=\"https:\/\/wernerwatches.de\/wp-content\/uploads\/simon_werner_98fd5063-9431-41e1-8679-8eb3f1742186-1.jpg\" class=\"attachment-full size-full wp-image-18489\" alt=\"\" srcset=\"https:\/\/wernerwatches.de\/wp-content\/uploads\/simon_werner_98fd5063-9431-41e1-8679-8eb3f1742186-1.jpg 1280w, https:\/\/wernerwatches.de\/wp-content\/uploads\/simon_werner_98fd5063-9431-41e1-8679-8eb3f1742186-1-150x150.jpg 150w, https:\/\/wernerwatches.de\/wp-content\/uploads\/simon_werner_98fd5063-9431-41e1-8679-8eb3f1742186-1-300x300.jpg 300w, https:\/\/wernerwatches.de\/wp-content\/uploads\/simon_werner_98fd5063-9431-41e1-8679-8eb3f1742186-1-768x768.jpg 768w, https:\/\/wernerwatches.de\/wp-content\/uploads\/simon_werner_98fd5063-9431-41e1-8679-8eb3f1742186-1-1024x1024.jpg 1024w, https:\/\/wernerwatches.de\/wp-content\/uploads\/simon_werner_98fd5063-9431-41e1-8679-8eb3f1742186-1-500x500.jpg 500w\" sizes=\"(max-width: 1280px) 100vw, 1280px\">\t\t\t\t\t\t\t\t\t\t\t\t\t\t\t<\/div>\n\t\t\t\t<\/div>\n\t\t\t\t\t<\/div>\n\t\t\t\t<\/div>\n\t\t<div class=\"elementor-element elementor-element-a4dfae2 e-flex e-con-boxed e-con e-parent\" data-id=\"a4dfae2\" data-element_type=\"container\" data-e-type=\"container\">\n\t\t\t\t\t<div class=\"e-con-inner\">\n\t\t<div class=\"elementor-element elementor-element-e90d4df e-con-full e-flex e-con e-child\" data-id=\"e90d4df\" data-element_type=\"container\" data-e-type=\"container\">\n\t\t\t\t<div class=\"elementor-element elementor-element-54fd733 animated-slow elementor-invisible elementor-widget elementor-widget-image\" data-id=\"54fd733\" data-element_type=\"widget\" data-e-type=\"widget\" data-settings=\"{&quot;motion_fx_motion_fx_scrolling&quot;:&quot;yes&quot;,&quot;motion_fx_translateY_effect&quot;:&quot;yes&quot;,&quot;motion_fx_translateY_speed&quot;:{&quot;unit&quot;:&quot;px&quot;,&quot;size&quot;:3,&quot;sizes&quot;:[]},&quot;motion_fx_opacity_effect&quot;:&quot;yes&quot;,&quot;motion_fx_opacity_level&quot;:{&quot;unit&quot;:&quot;px&quot;,&quot;size&quot;:4,&quot;sizes&quot;:[]},&quot;motion_fx_opacity_range&quot;:{&quot;unit&quot;:&quot;%&quot;,&quot;size&quot;:&quot;&quot;,&quot;sizes&quot;:{&quot;start&quot;:8,&quot;end&quot;:84}},&quot;_animation&quot;:&quot;fadeIn&quot;,&quot;motion_fx_translateY_affectedRange&quot;:{&quot;unit&quot;:&quot;%&quot;,&quot;size&quot;:&quot;&quot;,&quot;sizes&quot;:{&quot;start&quot;:0,&quot;end&quot;:100}},&quot;motion_fx_opacity_direction&quot;:&quot;out-in&quot;,&quot;motion_fx_devices&quot;:[&quot;desktop&quot;,&quot;laptop&quot;,&quot;tablet&quot;,&quot;mobile&quot;]}\" data-widget_type=\"image.default\">\n\t\t\t\t\t\t\t\t\t\t\t\t\t\t\t<img decoding=\"async\" width=\"1321\" height=\"1651\" src=\"https:\/\/wernerwatches.de\/wp-content\/uploads\/Simon-Werner-WernerWatches.jpg\" class=\"attachment-full size-full wp-image-18491\" alt=\"\" srcset=\"https:\/\/wernerwatches.de\/wp-content\/uploads\/Simon-Werner-WernerWatches.jpg 1321w, https:\/\/wernerwatches.de\/wp-content\/uploads\/Simon-Werner-WernerWatches-120x150.jpg 120w, https:\/\/wernerwatches.de\/wp-content\/uploads\/Simon-Werner-WernerWatches-240x300.jpg 240w, https:\/\/wernerwatches.de\/wp-content\/uploads\/Simon-Werner-WernerWatches-768x960.jpg 768w, https:\/\/wernerwatches.de\/wp-content\/uploads\/Simon-Werner-WernerWatches-819x1024.jpg 819w, https:\/\/wernerwatches.de\/wp-content\/uploads\/Simon-Werner-WernerWatches-1229x1536.jpg 1229w, https:\/\/wernerwatches.de\/wp-content\/uploads\/Simon-Werner-WernerWatches-1229x1536.jpg 1200w\" sizes=\"(max-width: 1321px) 100vw, 1321px\">\t\t\t\t\t\t\t\t\t\t\t\t\t\t\t<\/div>\n\t\t\t\t<\/div>\n\t\t<div class=\"elementor-element elementor-element-5faae22 e-con-full e-flex e-con e-child\" data-id=\"5faae22\" data-element_type=\"container\" data-e-type=\"container\" data-settings=\"{&quot;sticky&quot;:&quot;top&quot;,&quot;sticky_offset&quot;:80,&quot;sticky_parent&quot;:&quot;yes&quot;,&quot;sticky_on&quot;:[&quot;desktop&quot;,&quot;laptop&quot;,&quot;tablet&quot;,&quot;mobile&quot;],&quot;sticky_effects_offset&quot;:0,&quot;sticky_anchor_link_offset&quot;:0}\">\n\t\t\t\t<div class=\"elementor-element elementor-element-ce5082e elementor-widget elementor-widget-text-editor\" data-id=\"ce5082e\" data-element_type=\"widget\" data-e-type=\"widget\" data-widget_type=\"text-editor.default\">\n\t\t\t\t\t\t\t\t\t<p>Meine Leidenschaft f\u00fcr Uhren begann in meinen Teenagerjahren, als ich mir eine furchtbare Modeuhr kaufte. Sie entsprach in keiner Weise meinem heutigen Geschmack, aber ich verliebte mich in die \u00e4sthetischen Aspekte dieser winzigen Maschine am Handgelenk. <\/p><p>In den folgenden Jahren entfernte ich mich (Gott sei Dank) von diesen \u00fcbergro\u00dfen Modeuhren und wandte mich kleineren und vor allem \u00e4lteren Uhren zu.<\/p><p>Angetrieben von der Freude an der Jagd nach seltenen Vintage-Uhren beschloss ich, das Unternehmen 2019 zu gr\u00fcnden und haupts\u00e4chlich Vintage-Uhren von Omega, Longines und Rolex zu verkaufen.<\/p><p>Erst im Jahr 2021 entdeckte ich meine Leidenschaft f\u00fcr Vintage Cartier, dank meines Freundes Raffael Frenner, der mich mit der Marke bekannt machte. Das reiche Erbe und die bedeutenden Entw\u00fcrfe brachten mich dazu, die Maison zu lieben. <\/p><p>Neben meinem Interesse an alten Cartier-Uhren faszinieren mich Uhren, die man nicht an jedem zweiten Handgelenk sieht, egal von welcher Marke.<\/p>\t\t\t\t\t\t\t\t<\/div>\n\t\t\t\t<\/div>\n\t\t\t\t\t<\/div>\n\t\t\t\t<\/div>\n\t\t\t\t<\/div>\n\t\t","protected":false},"excerpt":{"rendered":"<p>Wir sind spezialisiert auf den An- und Verkauf von Vintage Uhren und kuratieren exklusive Sammlerst\u00fccke f\u00fcr Kunden weltweit. Simon H.I. Werner Meine Leidenschaft f\u00fcr Uhren begann in meinen Teenagerjahren, als ich mir eine furchtbare Modeuhr kaufte. Sie entsprach in keiner Weise meinem heutigen Geschmack, aber ich verliebte mich in die \u00e4sthetischen Aspekte dieser winzigen Maschine [&hellip;]<\/p>\n","protected":false},"author":2,"featured_media":0,"parent":0,"menu_order":0,"comment_status":"closed","ping_status":"closed","template":"","meta":{"_jf_save_progress":"","footnotes":""},"class_list":["post-18487","page","type-page","status-publish","hentry"],"_links":{"self":[{"href":"https:\/\/wernerwatches.de\/de\/wp-json\/wp\/v2\/pages\/18487","targetHints":{"allow":["GET"]}}],"collection":[{"href":"https:\/\/wernerwatches.de\/de\/wp-json\/wp\/v2\/pages"}],"about":[{"href":"https:\/\/wernerwatches.de\/de\/wp-json\/wp\/v2\/types\/page"}],"author":[{"embeddable":true,"href":"https:\/\/wernerwatches.de\/de\/wp-json\/wp\/v2\/users\/2"}],"replies":[{"embeddable":true,"href":"https:\/\/wernerwatches.de\/de\/wp-json\/wp\/v2\/comments?post=18487"}],"version-history":[{"count":5,"href":"https:\/\/wernerwatches.de\/de\/wp-json\/wp\/v2\/pages\/18487\/revisions"}],"predecessor-version":[{"id":20247,"href":"https:\/\/wernerwatches.de\/de\/wp-json\/wp\/v2\/pages\/18487\/revisions\/20247"}],"wp:attachment":[{"href":"https:\/\/wernerwatches.de\/de\/wp-json\/wp\/v2\/media?parent=18487"}],"curies":[{"name":"wp","href":"https:\/\/api.w.org\/{rel}","templated":true}]}}